{"id":395,"date":"2021-05-01T15:28:14","date_gmt":"2021-05-01T22:28:14","guid":{"rendered":"https:\/\/togethertohelp.org\/ro\/?page_id=395"},"modified":"2024-04-01T20:31:01","modified_gmt":"2024-04-02T03:31:01","slug":"prima-pagina","status":"publish","type":"page","link":"https:\/\/togethertohelp.org\/ro\/","title":{"rendered":"Prima pagina"},"content":{"rendered":"<div id=\"pl-395\"  class=\"panel-layout\" ><div id=\"pg-395-0\"  class=\"panel-grid panel-has-style\" ><div class=\"panel-row-style panel-row-style-for-395-0\" ><div id=\"pgc-395-0-0\"  class=\"panel-grid-cell\" ><div id=\"panel-395-0-0-0\" class=\"so-panel widget widget_sow-headline panel-first-child\" data-index=\"0\" ><div class=\"panel-widget-style panel-widget-style-for-395-0-0-0\" ><div\n\t\t\t\n\t\t\tclass=\"so-widget-sow-headline so-widget-sow-headline-default-faab5ba24537-395\"\n\t\t\t\n\t\t><div class=\"sow-headline-container \">\n\t\t\t\t\t\t\t<h1 class=\"sow-headline\">\n\t\t\t\t\t\tScrisoare din partea consiliului Organiza\u021biei \u201cTogether to Help\u201d\t\t\t\t\t\t<\/h1>\n\t\t\t\t\t\t\t\t\t\t\t<div class=\"decoration\">\n\t\t\t\t\t\t<div class=\"decoration-inside\"><\/div>\n\t\t\t\t\t<\/div>\n\t\t\t\t\t<\/div>\n<\/div><\/div><\/div><div id=\"panel-395-0-0-1\" class=\"so-panel widget widget_sow-editor panel-last-child\" data-index=\"1\" ><div class=\"panel-widget-style panel-widget-style-for-395-0-0-1\" ><div\n\t\t\t\n\t\t\tclass=\"so-widget-sow-editor so-widget-sow-editor-base\"\n\t\t\t\n\t\t>\n<div class=\"siteorigin-widget-tinymce textwidget\">\n\t<p>Pe 12 decembrie 2019, organiza\u021bia noastr\u0103 nonprofit \u201eTogether To Help\u201d a fost recunoscut\u0103 legal de catre Secretarul de Stat din Nevada. Ne vom reaminti aceast\u0103 zi \u00een fiecare an, pentru a s\u0103rb\u0103tori ziua de na\u0219tere a organizatiei TTH. \u00cen aceea\u0219i zi, 12 decembrie, Biserica Cre\u0219tin\u0103 Ortodox\u0103 s\u0103rb\u0103tore\u0219te pe Sf\u00e2ntul Spyridon. Din acest motiv, Sf\u00e2ntul Spyridon devine Sfantul protector al Organiza\u021biei noastre \u0219i al tuturor celor care ne vor urma \u00een misiunea \u0219i proiectele noastre.<\/p>\n<p>\u00cen aceast\u0103 scrisoare, v\u0103 vom prezenta cine suntem, care sunt cauzele care conduc misiunea noastr\u0103 \u0219i cum v\u0103 pute\u021bi implica sus\u021bin\u00e2nd cauza noastr\u0103.<\/p>\n<p>Cine suntem noi? Suntem chipul celor despre care nimeni nu \u0219tie, suntem vocea celor care strig\u0103 \u0219i nimeni nu \u00eei aude.<\/p>\n<p>Suntem mesageri catre cei carora le pas\u0103, cei ce au o inim\u0103 bun\u0103 \u0219i iubire pentru cei care sufer\u0103 de lipsuri materiale \u0219i spirituale.<\/p>\n<p>Viziunea noastr\u0103 reflecta ceea ce spune un cuvant chinez: \u201esecretul fericirii const\u0103 \u00een virtutea ajut\u0103rii altora.\u201d Nimeni nu \u0219tie gustul acestui tip de fericire p\u00e2n\u0103 nu se implic\u0103 pentru a ajuta pe al\u021bii. Organizatia \u201eTogether To Help\u201d \u00eencearc\u0103 s\u0103 u\u0219ureze suferin\u021bele celor care au nevoie de dragostea \u0219i grija noastr\u0103. Ajutand, pute\u021bi sim\u021bi fericirea filantropiei oferind din ceea ce sunteti \u00een raport cu ceilal\u021bi.<br \/>\nTogether To Help aduce cazuri sociale si educationale din America \u0219i Rom\u00e2nia pentru care \u00eempreun\u0103, rom\u00e2ni \u0219i americani \u0219i-ar putea oferi ajutorul reciproc.<\/p>\n<p>Noi v\u0103 facem cunoscut copiii \u0219i adul\u021bii care sunt afecta\u021bi de s\u0103r\u0103cie, lips\u0103 de educa\u021bie, studen\u021bi s\u0103raci cu poten\u021bial de geniu care nu pot continua educa\u021bia, \u0219coli speciale pentru orfani sau copii cu dizabilit\u0103\u021bi, bebelu\u0219i abandona\u021bi, studen\u021bi f\u0103r\u0103 ad\u0103post sau devasta\u021bi de depresie sau dependen\u021b\u0103.<br \/>\n\u00cempreun\u0103 ne putem implica pentru a ajuta la calmarea r\u0103nilor societ\u0103\u021bii noastre \u0219i a contribui la construirea unei lumi mai bune. Together To Help este o punte intercultural\u0103 \u00eentre rom\u00e2ni \u0219i americani.<\/p>\n<p>Colabor\u0103rile social-educative implicand toate nivelele de activitate sunt temelia misiunii noastre. Credem ca \u201em\u00e2na \u00eentins\u0103 a s\u0103racilor nu cere mil\u0103, ci este op\u021biunea care ne ofer\u0103 o \u0219ans\u0103 pentru \u00eemp\u0103r\u0103\u021bia cerurilor\u201d. De aceea, to\u021bi cei care vor s\u0103 se implice trebuie s\u0103 \u0219tie c\u0103 exist\u0103 mai multe modalit\u0103\u021bi de a da celui \u00een suferin\u021b\u0103.<\/p>\n<p>Pentru a ajuta cauzele sau proiectele noastre, pute\u021bi dona bani, bunuri, rechizite \u0219colare, haine, \u00eenc\u0103l\u021b\u0103minte, echipament medical, echipamente de terapie, noi sau folosite.<\/p>\n<p>Deasemenea, oferind o informa\u021bie c\u0103tre cineva care ne poate ajuta, este un alt mod de a dona \u0219i de a sus\u021bine cauzele \u0219i proiectele noastre. Donarea timpului personal sau voluntariatul pentru TTH este un alt mod de a \u00eengriji de cei care au nevoie.<\/p>\n<p>V\u0103 rug\u0103m s\u0103 explora\u021bi site-ul nostru web \u0219i s\u0103 v\u0103 abona\u021bi la newsletter-ul nostru care v\u0103 va \u021bine la curent cu toate activit\u0103\u021bile, cauzele \u0219i proiectele TTH care vor ap\u0103rea.<\/p>\n<p>Site-ul nostru v\u0103 ofer\u0103 posibilitatea gratuit\u0103 de a v\u0103 face cunoscut ca afacere sau domeniu de activitate \u0219i de a descoperi noi conexiuni romano-americane \u00een domeniul dumneavoastra de activitate. Colaboratorii no\u0219tri de pe forum pot veni cu informa\u021bii, sugestii sau conexiuni necesare pentru a rezolva anumite probleme sau proiecte. De exemplu, dac\u0103 avem cazuri de \u00eengrijiri medicale, medicii care ni se al\u0103tur\u0103 pot veni cu sugestii sau \u00eendrum\u0103ri pentru a rezolva acest caz. Profesorii universitari ar putea veni cu idei sau sugestii pentru a sprijini min\u021bile str\u0103lucitoare pentru a continua educa\u021bia.<\/p>\n<p>Pentru orice \u00eentrebare, utiliza\u021bi num\u0103rul gratuit: 1-844-884-0204 sau contacta\u021bi-ne la adresa de e-mail:\u00a0contact@togethertohelp.org<\/p>\n<p>Cu dragoste \u0219i grij\u0103,<br \/>\nMembrii Consiliului Together to Help<\/p>\n<\/div>\n<\/div><\/div><\/div><\/div><\/div><\/div><\/div>","protected":false},"excerpt":{"rendered":"<p>Pe 12 decembrie 2019, organiza\u021bia noastr\u0103 nonprofit \u201eTogether To Help\u201d a fost recunoscut\u0103 legal de catre Secretarul de Stat din Nevada. Ne vom reaminti aceast\u0103 zi \u00een fiecare an, pentru a s\u0103rb\u0103tori ziua de na\u0219tere a organizatiei TTH. \u00cen aceea\u0219i zi, 12 decembrie, Biserica Cre\u0219tin\u0103 Ortodox\u0103 s\u0103rb\u0103tore\u0219te pe Sf\u00e2ntul Spyridon. Din acest motiv, Sf\u00e2ntul Spyridon [&hellip;]<\/p>\n","protected":false},"author":2,"featured_media":0,"parent":0,"menu_order":0,"comment_status":"closed","ping_status":"open","template":"page-no-title","meta":{"footnotes":""},"class_list":["post-395","page","type-page","status-publish","hentry"],"_links":{"self":[{"href":"https:\/\/togethertohelp.org\/ro\/wp-json\/wp\/v2\/pages\/395","targetHints":{"allow":["GET"]}}],"collection":[{"href":"https:\/\/togethertohelp.org\/ro\/wp-json\/wp\/v2\/pages"}],"about":[{"href":"https:\/\/togethertohelp.org\/ro\/wp-json\/wp\/v2\/types\/page"}],"author":[{"embeddable":true,"href":"https:\/\/togethertohelp.org\/ro\/wp-json\/wp\/v2\/users\/2"}],"replies":[{"embeddable":true,"href":"https:\/\/togethertohelp.org\/ro\/wp-json\/wp\/v2\/comments?post=395"}],"version-history":[{"count":11,"href":"https:\/\/togethertohelp.org\/ro\/wp-json\/wp\/v2\/pages\/395\/revisions"}],"predecessor-version":[{"id":433,"href":"https:\/\/togethertohelp.org\/ro\/wp-json\/wp\/v2\/pages\/395\/revisions\/433"}],"wp:attachment":[{"href":"https:\/\/togethertohelp.org\/ro\/wp-json\/wp\/v2\/media?parent=395"}],"curies":[{"name":"wp","href":"https:\/\/api.w.org\/{rel}","templated":true}]}}